{"id":3139,"date":"2021-11-08T13:16:41","date_gmt":"2021-11-08T13:16:41","guid":{"rendered":"https:\/\/macau-s.com\/tellimistingimused\/"},"modified":"2024-12-16T16:25:26","modified_gmt":"2024-12-16T16:25:26","slug":"tellimistingimused","status":"publish","type":"page","link":"https:\/\/macau-s.com\/en\/tellimistingimused\/","title":{"rendered":"Tellimistingimused"},"content":{"rendered":"<h4>1. M\u00fc\u00fcgitingimuste kehtivus<\/h4>\nM\u00fc\u00fcgitingimused kehtivad veebipoe klientide (edaspidi Klient) ja https:\/\/macaus.ee omaniku Detail Viz O\u00dc (edaspidi Macau&#8217;s) vahel toodete ostmisel tekkivate \u00f5iguste ja kohustuste kohta.<br \/>\nLisaks k\u00e4esolevatele tingimustele reguleerivad veebipoe toodete ostmisel tekkivaid \u00f5igussuhteid Eesti Vabariigis kehtivad \u00f5igusaktid.<br \/>\nMacau&#8217;s j\u00e4tab endale \u00f5iguse teha muudatusi m\u00fc\u00fcgitingimustes ja hinnakirjas. Nimetatud muudatusi kajastatakse veebilehel.\n<h4>2. Hinnad<\/h4>\nVeebipoes https:\/\/macaus.ee\u00a0m\u00fc\u00fcdavate toodete hinnad on toodud eurodes.<br \/>\nHinnad sisaldavad k\u00e4ibemaksu.\n<h4>3. Tellimuse vormistamine<\/h4>\n<p>Tellimuse vormistamiseks ja tootevalikuga tutvumiseks mine alalehele \u201ePood&#8221;<\/p>\n1. Leia tootevalikust sobilik toode ja kl\u00f5psa tootele lisainfo saamiseks.<br \/>\n2. Kui oled leidnud sobiliku toote, m\u00e4rgi lahtrisse soovitud kogus ja vajuta nupule \u201eLisa korvi&#8221;<br \/>\n3. P\u00e4rast toodete korvi lisamist avaneb paremalt k\u00fclgmen\u00fc\u00fcst \u201eOstukorv,&#8221; mis kuvab \u201eOstukorvi&#8221; lisatud toodete nime, koguse ja hinna.<br \/>\n4. Seej\u00e4rel saad minna toodete eest tasuma kl\u00f5psates nupule \u201eKassasse&#8221;<br \/>\n5. T\u00e4ida kontaktandmete lahtrid, mis on m\u00e4rgitud punase t\u00e4rniga (*), et teaksime kuhu paki saadame.<br \/>\n6. Vaata \u00fcle tellimuse sisu, et ostukorvis oleksid vaid soovitud tooted ja vali rippmen\u00fc\u00fcst sobiv tarneviis. Transpordi maksumus kuvatakse vastavalt teenusepakkujale automaatselt.<br \/>\n7. Vali sobilik makseviis Paypal v\u00f5i pangalink ja tutvu \u201eM\u00fc\u00fcgitingimustega,&#8221; seej\u00e4rel pane linnuke lahtrisse \u201eOlen tutvunud veebilehe m\u00fc\u00fcgitingimustega ja n\u00f5ustun nendega&#8221;<br \/>\n8. Vajuta nupule \u201e Esita tellimus&#8221; ja tasu toodete eest.<br \/>\n9. Teie e-postile j\u00f5uab tellimuse info ja arve tasutud toodete eest.<br \/>\nE-poest on v\u00f5imalik osta vaid neid teenuseid\/tooteid mis on n\u00e4idatud m\u00fc\u00fcja e-poe &#8220;Pood&#8221; alalehel.\n<p>&#8220;Ostukorv&#8221;, &#8220;Mine kassasse&#8221; lehel saab soovi korral ostukorvi sisu muuta. P\u00e4rast tellimuse kinnitamist enam ostukorvi sisu muuta ei ole v\u00f5imalik ning ostukorv t\u00fchjendatakse valitud teenusest\/kaupadest. Kui ostja katkestab tellimuse p\u00e4rast tellimuse sisestamist, tuleb teenused\/kaubad ostukorvi uuesti valida. Kui tellimus ja kontaktandmed on korrektselt t\u00e4idetud, v\u00f5ib alustada maksmist.<\/p>\nE-poes saab maksta tellitud kauba eest e-poes Montonio kaudu ehk Swedbank, SEB, Luminor, LHV, Coop ja Paypal&#8217;ga. P\u00e4rast tellimuse eest tasumist (panga\u00fclekande tegemist) tuleb v\u00e4ljuda internetipanga lehelt vajutades nupule \u00b4\u00b4Tagasi kaupmehe juurde\u00b4\u00b4. J\u00e4rgnevalt kuvatakse ekraanil tellimuse kinnitus. Ostja tasub tellimuse m\u00fc\u00fcgihinna ja k\u00e4ttetoimetamise tasu t\u00e4ies ulatuses ettemaksuna. Makseid v\u00f5etakse vastu eurodes. Arve teenuse eest saadetakse e-posti aadressile p\u00e4rast tellimuse kinnitamist.<br \/>\nEnne tellimuse vormistamist palume valida paki kohaletoimetamiseks sobilik tarneviis.\n<h4>4.\u00a0M\u00fc\u00fcgilepingu j\u00f5ustumine<\/h4>\n<p>M\u00fc\u00fcgileping j\u00f5ustub hetkest, kui tellimuse kogusumma on laekunud Macau&#8217;s arveldusarvele.<\/p>\n<h4>5. Kohaletoimetamine<\/h4>\nP\u00e4rast m\u00fc\u00fcgilepingu j\u00f5ustumist (Kliendi poolset arve tasumist) komplekteerib Macau&#8217;s tellimuse kokkulepitud ajal. Macau&#8217;s ei vastuta kauba kohaletoimetamise viibimise eest juhul, kui kaup on logistikapartnerile \u00fcle antud \u00f5igeaegselt, kuid kohaletoimetamise viibimine on tingitud asjaoludest, mida Macau&#8217;s ei saanud m\u00f5jutada v\u00f5i ette n\u00e4ha.<br \/>\nTartus on v\u00f5imalik kaup saada k\u00e4est-k\u00e4tte eelneval kokkuleppel juhul, kui see on kokku lepitud. Pakk pannakse teele hiljemalt j\u00e4rgmisel p\u00e4eval.<br \/>\nMaksimaalne tarneaeg on kuni 5 t\u00f6\u00f6p\u00e4eva. \u00dcldjuhul tarnime kauba Kliendile 2-3 t\u00f6\u00f6p\u00e4eva jooksul. Rahvusvaheliste tellimuste puhul toimetatakse pakk kohale kulleriga: Euroopa Liidus kuni 5 t\u00f6\u00f6p\u00e4eva jooksul ja kaugemale kuni 10 t\u00f6\u00f6p\u00e4eva jooksul. Juhul kui pakk vajab tolliprotseduure, siis selle eest vastutab ostja.\n<h4>6. Taganemis\u00f5igus<\/h4>\n<p>P\u00e4rast tellimuse k\u00e4ttesaamist on ostjal \u00f5igus e-poes s\u00f5lmitud lepingust taganeda 14 p\u00e4eva jooksul. Taganemis\u00f5igus ei kohaldu, kui ostjaks on juriidiline isik.<\/p>\n14 p\u00e4evase tagastamis\u00f5iguse kasutamiseks ei tohi tellitud kaupa kasutada muul viisil kui on vajalik kauba olemuses, omadustes ja toimimises veendumiseks viisil nagu see on lubatud kauba testimiseks f\u00fc\u00fcsilises poes.<br \/>\nKui kaupa on kasutatud muuks otstarbeks kui on vajalik kauba olemuses, omadustes ja toimimises veendumiseks v\u00f5i sellel on kasutamise v\u00f5i kulumise m\u00e4rke, on Veebipoel \u00f5igus alandada tagastatavat tasu vastavalt kauba v\u00e4\u00e4rtuse v\u00e4henemisele.\n<p>Kauba tagastamiseks tuleb esitada kauba ostmisest taganemise avaldus, mille n\u00e4idise vormi leiab siit:<\/p>\nhttps:\/\/e-kaubanduseliit.ee\/wp-content\/uploads\/2015\/01\/JM_m41_lisa1.pdf<br \/>\nT\u00e4itke taganemisavaldus ning saata see e-posti aadressile info@macaus.ee\u00a0hiljemalt 14 p\u00e4eva jooksul kauba k\u00e4ttesaamisest.<br \/>\nKauba tagastamise kulud kannab ostja, v\u00e4lja arvatud juhul, kui tagastamise p\u00f5hjus seisneb asjaolus, et tagastamisele kuuluv asi ei vasta tellitule (nt vale v\u00f5i defektiga asi).<br \/>\nOstja peab kauba tagastama avalduse esitamisele j\u00e4rgneva 14 p\u00e4eva jooksul v\u00f5i esitama t\u00f5endi, et ta on eelnimetatud perioodi jooksul kauba \u00fcle andnud kauba vedajale.\n<p>Veebipood tagastab tagastatava kauba k\u00e4ttesaamisel ostjale viivitamata, kuid mitte hiljem kui 14 p\u00e4eva m\u00f6\u00f6dumisel arvates taganemisavalduse saamisest, k\u00f5ik ostjalt lepingu alusel saadud tasud. Veebipood v\u00f5ib keelduda tagasimaksete tegemisest seni, kuni on lepingu esemeks oleva asja tagasi saanud v\u00f5i kuni ostja on esitanud t\u00f5endid, et on asja tagasi saatnud, s\u00f5ltuvalt sellest, kumb toimub varem.<\/p>\nKui ostja on s\u00f5naselgelt valinud Veebipoe pakutud k\u00f5ige odavamast tavap\u00e4rasest asja k\u00e4ttetoimetamise viisist erineva k\u00e4ttetoimetamise viisi, ei pea Veebipood tarbijale tagastama kulu, mis \u00fcletab tavap\u00e4rase k\u00e4ttetoimetamise viisiga seotud kulu.<br \/>\nVeebipoel on \u00f5igus taganeda m\u00fc\u00fcgitehingust ning n\u00f5uda ostjalt tagasi kaup, kui kauba hind veebipoes on eksituse t\u00f5ttu m\u00e4rgitud oluliselt alla kauba turuhinna.\nToode tuleb Detail Viz O\u00dc tagastada originaalpakendis ja kasutamata kujul (v\u00f5ib olla avamistunnustega, aga mitte rikutud, kasutatud v\u00f5i pakend \u00fcle teibitud) ja esialgses komplektsuses (sisaldama k\u00f5iki tootepakendis olevaid esemeid). Vigastatud tooteid tagasi ei v\u00f5eta.<br \/>\nToote v\u00e4\u00e4rtuse v\u00e4henemisest tingitud n\u00f5udeid on Detail Viz O\u00dc-l \u00f5igus Tarbijale esitada hiljemalt \u00fche kuu jooksul arvates toote tagastamisest.\n<h4>7. Pretensioonide esitamise kord<\/h4>\nMacau&#8217;s vastutab ostjale m\u00fc\u00fcdud kauba lepingutingimustele mittevastavuse v\u00f5i puuduste eest, mis olid olemas juba asja \u00fcleandmise hetkel ning mis ilmnevad kuni\u00a0aasta\u00a0jooksul, alates kauba \u00fcleandmisest ostjale. Esimese kuue kuu jooksul ilmnenud puudused peavad eeldatavalt olemas olema juba asja \u00fcleandmise ajal. Vastava eelduse \u00fcmberl\u00fckkamine on Macau&#8217;s kohustus.<br \/>\nKliendil on \u00f5igus puuduse ilmnemisel p\u00f6\u00f6rduda veebipoe poole, saates e-kirja aadressile info@macaus.ee.\nPretensioonis tuleb \u00e4ra m\u00e4rkida:<br \/>\n1) Kliendi nimi ja kontaktandmed;<br \/>\n2) Kaebuse esitamise kuup\u00e4ev;<br \/>\n3) Kauba puudus;<br \/>\n4) Macau&#8217;sile esitatav n\u00f5ue;<br \/>\n5) Viidata tuleb tehingu sooritamist v\u00f5i garantiid t\u00f5endavale dokumendile v\u00f5i lisada selle koopia kaebusele.\nMacau&#8217;s vastab pretensioonile kirjalikult 15 p\u00e4eva jooksul p\u00e4rast Kliendi poolse pretensiooni k\u00e4ttesaamist. Kui Macau&#8217;sil ei ole v\u00f5imalik 15 p\u00e4eva jooksul Kliendi pretensioonile vastata, teatatakse sellest kirjalikult koos p\u00f5hjenduse ja t\u00e4htajaga, mis ajaks vastus saadetakse.<br \/>\nMacau&#8217;s ei vastuta Kliendi s\u00fc\u00fcl toote puuduste tekkimise eest, puuduste eest, mis on tekkinud toote valedel tingimustel hoiustamise v\u00f5i kasutamise tulemusena. Puuduste hulka arvestatakse toote puudused, kuid mitte tootepakendi puudused.<br \/>\nJuhul, kui toode ei vasta lepingutingimustele, tal esineb puudusi v\u00f5i rikkeid, on Kliendil \u00f5igus n\u00f5uda toote parandamist v\u00f5i asendamist. Juhul, kui toote parandamine v\u00f5i asendamine ei ole v\u00f5imalik, eba\u00f5nnestub v\u00f5i p\u00f5hjustab Kliendile p\u00f5hjendamatuid ebamugavusi, on Kliendil \u00f5igus lepingust taganeda ja n\u00f5uda raha tagastamist.<br \/>\nKohtuv\u00e4lise lahendi leidja internetip\u00f5histe tarbijavaidluste lahendamisel vastavalt Euroopa parlamendi ja n\u00f5ukogu (EL) m\u00e4\u00e4rusele 524\/2013:\u00a0vajuta siia.<br \/>\nKui Klient ja Macau&#8217;s ei suuda lahenda vaidlust kokkuleppe teel, siis on ostjal v\u00f5imalik p\u00f6\u00f6rduda Tarbijavaidluste komisjoni poole.<br \/>\nMenetlustingimustega saab tutvuda ning avaldust esitada siin. Tarbijavaidluste komisjoni p\u00e4devuses on lahendada ostja ja Veebipoe vahel s\u00f5lmitud lepingust tulenevaid vaidlusi. Kliendi kaebuse l\u00e4bivaatamine komisjonis on tasuta.\n<h4>8. V\u00e4\u00e4ramatu j\u00f5ud<\/h4>\n<p>Macau&#8217;s ei vastuta tekitatud kahju v\u00f5i kauba kohaletoimetamise hilinemise eest juhul, kui kahju v\u00f5i kauba kohaletoimetamise hilinemine on tingitud asjaoludest, mida ei saanud m\u00f5jutada v\u00f5i ette n\u00e4ha.<\/p>","protected":false},"excerpt":{"rendered":"<p>1. M\u00fc\u00fcgitingimuste kehtivus M\u00fc\u00fcgitingimused kehtivad veebipoe klientide (edaspidi Klient) ja https:\/\/macaus.ee omaniku Detail Viz O\u00dc (edaspidi Macau&#8217;s) vahel toodete ostmisel tekkivate \u00f5iguste ja kohustuste kohta. Lisaks k\u00e4esolevatele tingimustele reguleerivad veebipoe toodete ostmisel tekkivaid \u00f5igussuhteid Eesti Vabariigis kehtivad \u00f5igusaktid. Macau&#8217;s j\u00e4tab endale \u00f5iguse teha muudatusi m\u00fc\u00fcgitingimustes ja hinnakirjas. Nimetatud muudatusi kajastatakse veebilehel. 2. Hinnad Veebipoes https:\/\/macaus.ee\u00a0m\u00fc\u00fcdavate &hellip;<\/p>\n<p class=\"read-more\"> <a class=\"\" href=\"https:\/\/macau-s.com\/en\/tellimistingimused\/\"> <span class=\"screen-reader-text\">Tellimistingimused<\/span> Read More &raquo;<\/a><\/p>\n","protected":false},"author":1,"featured_media":0,"parent":0,"menu_order":0,"comment_status":"closed","ping_status":"closed","template":"","meta":{"site-sidebar-layout":"no-sidebar","site-content-layout":"page-builder","ast-global-header-display":"","ast-main-header-display":"","ast-hfb-above-header-display":"","ast-hfb-below-header-display":"","ast-hfb-mobile-header-display":"","site-post-title":"disabled","ast-breadcrumbs-content":"","ast-featured-img":"disabled","footer-sml-layout":"","theme-transparent-header-meta":"default","adv-header-id-meta":"","stick-header-meta":"","header-above-stick-meta":"","header-main-stick-meta":"","header-below-stick-meta":"","footnotes":""},"class_list":["post-3139","page","type-page","status-publish","hentry"],"_links":{"self":[{"href":"https:\/\/macau-s.com\/en\/wp-json\/wp\/v2\/pages\/3139","targetHints":{"allow":["GET"]}}],"collection":[{"href":"https:\/\/macau-s.com\/en\/wp-json\/wp\/v2\/pages"}],"about":[{"href":"https:\/\/macau-s.com\/en\/wp-json\/wp\/v2\/types\/page"}],"author":[{"embeddable":true,"href":"https:\/\/macau-s.com\/en\/wp-json\/wp\/v2\/users\/1"}],"replies":[{"embeddable":true,"href":"https:\/\/macau-s.com\/en\/wp-json\/wp\/v2\/comments?post=3139"}],"version-history":[{"count":2,"href":"https:\/\/macau-s.com\/en\/wp-json\/wp\/v2\/pages\/3139\/revisions"}],"predecessor-version":[{"id":3614,"href":"https:\/\/macau-s.com\/en\/wp-json\/wp\/v2\/pages\/3139\/revisions\/3614"}],"wp:attachment":[{"href":"https:\/\/macau-s.com\/en\/wp-json\/wp\/v2\/media?parent=3139"}],"curies":[{"name":"wp","href":"https:\/\/api.w.org\/{rel}","templated":true}]}}